{"id":824,"date":"2025-10-09T11:44:40","date_gmt":"2025-10-09T09:44:40","guid":{"rendered":"https:\/\/north-tec-biogas.de\/forside\/"},"modified":"2026-01-27T18:31:38","modified_gmt":"2026-01-27T17:31:38","slug":"forside","status":"publish","type":"page","link":"https:\/\/north-tec-biogas.de\/da\/","title":{"rendered":"Forside"},"content":{"rendered":"","protected":false},"excerpt":{"rendered":"","protected":false},"author":4,"featured_media":0,"parent":0,"menu_order":0,"comment_status":"closed","ping_status":"closed","template":"","meta":{"inline_featured_image":false,"footnotes":""},"class_list":["post-824","page","type-page","status-publish","hentry"],"yoast_head":"<!-- This site is optimized with the Yoast SEO plugin v27.5 - https:\/\/yoast.com\/product\/yoast-seo-wordpress\/ -->\n<title>Alt fra \u00e9n kilde til biogas, biomethan og pyrolyse<\/title>\n<meta name=\"description\" content=\"Alt fra \u00e9n kilde: koncept, anl\u00e6gsbyggeri, styringsteknik, digitalisering samt support og service til biogas, biomethan og pyrolyse.\" \/>\n<meta name=\"robots\" content=\"index, follow, max-snippet:-1, max-image-preview:large, max-video-preview:-1\" \/>\n<link rel=\"canonical\" href=\"https:\/\/north-tec-biogas.de\/da\/\" \/>\n<meta property=\"og:locale\" content=\"da_DK\" \/>\n<meta property=\"og:type\" content=\"article\" \/>\n<meta property=\"og:title\" content=\"Alt fra \u00e9n kilde til biogas, biomethan og pyrolyse\" \/>\n<meta property=\"og:description\" content=\"Alt fra \u00e9n kilde: koncept, anl\u00e6gsbyggeri, styringsteknik, digitalisering samt support og service til biogas, biomethan og pyrolyse.\" \/>\n<meta property=\"og:url\" content=\"https:\/\/north-tec-biogas.de\/da\/\" \/>\n<meta property=\"og:site_name\" content=\"NORTH-TEC Biogas\" \/>\n<meta property=\"article:publisher\" content=\"https:\/\/www.facebook.com\/North-Tec-Maschinenbau-GmbH-187685817938948\" \/>\n<meta property=\"article:modified_time\" content=\"2026-01-27T17:31:38+00:00\" \/>\n<meta property=\"og:image\" content=\"https:\/\/north-tec-biogas.de\/wp-content\/uploads\/2025\/10\/teaser.jpg\" \/>\n\t<meta property=\"og:image:width\" content=\"1200\" \/>\n\t<meta property=\"og:image:height\" content=\"675\" \/>\n\t<meta property=\"og:image:type\" content=\"image\/jpeg\" \/>\n<meta name=\"twitter:card\" content=\"summary_large_image\" \/>\n<!-- \/ Yoast SEO plugin. -->","yoast_head_json":{"title":"Alt fra \u00e9n kilde til biogas, biomethan og pyrolyse","description":"Alt fra \u00e9n kilde: koncept, anl\u00e6gsbyggeri, styringsteknik, digitalisering samt support og service til biogas, biomethan og pyrolyse.","robots":{"index":"index","follow":"follow","max-snippet":"max-snippet:-1","max-image-preview":"max-image-preview:large","max-video-preview":"max-video-preview:-1"},"canonical":"https:\/\/north-tec-biogas.de\/da\/","og_locale":"da_DK","og_type":"article","og_title":"Alt fra \u00e9n kilde til biogas, biomethan og pyrolyse","og_description":"Alt fra \u00e9n kilde: koncept, anl\u00e6gsbyggeri, styringsteknik, digitalisering samt support og service til biogas, biomethan og pyrolyse.","og_url":"https:\/\/north-tec-biogas.de\/da\/","og_site_name":"NORTH-TEC Biogas","article_publisher":"https:\/\/www.facebook.com\/North-Tec-Maschinenbau-GmbH-187685817938948","article_modified_time":"2026-01-27T17:31:38+00:00","og_image":[{"width":1200,"height":675,"url":"https:\/\/north-tec-biogas.de\/wp-content\/uploads\/2025\/10\/teaser.jpg","type":"image\/jpeg"}],"twitter_card":"summary_large_image","schema":{"@context":"https:\/\/schema.org","@graph":[{"@type":"WebPage","@id":"https:\/\/north-tec-biogas.de\/da\/","url":"https:\/\/north-tec-biogas.de\/da\/","name":"Alt fra \u00e9n kilde til biogas, biomethan og pyrolyse","isPartOf":{"@id":"https:\/\/north-tec-biogas.de\/da\/#website"},"datePublished":"2025-10-09T09:44:40+00:00","dateModified":"2026-01-27T17:31:38+00:00","description":"Alt fra \u00e9n kilde: koncept, anl\u00e6gsbyggeri, styringsteknik, digitalisering samt support og service til biogas, biomethan og pyrolyse.","breadcrumb":{"@id":"https:\/\/north-tec-biogas.de\/da\/#breadcrumb"},"inLanguage":"da-DK","potentialAction":[{"@type":"ReadAction","target":["https:\/\/north-tec-biogas.de\/da\/"]}]},{"@type":"BreadcrumbList","@id":"https:\/\/north-tec-biogas.de\/da\/#breadcrumb","itemListElement":[{"@type":"ListItem","position":1,"name":"Startseite","item":"https:\/\/north-tec-biogas.de\/da\/"},{"@type":"ListItem","position":2,"name":"Forside"}]},{"@type":"WebSite","@id":"https:\/\/north-tec-biogas.de\/da\/#website","url":"https:\/\/north-tec-biogas.de\/da\/","name":"NORTH-TEC Biogas","description":"Mit Biogas in die Zukunft!","publisher":{"@id":"https:\/\/north-tec-biogas.de\/da\/#organization"},"potentialAction":[{"@type":"SearchAction","target":{"@type":"EntryPoint","urlTemplate":"https:\/\/north-tec-biogas.de\/da\/?s={search_term_string}"},"query-input":{"@type":"PropertyValueSpecification","valueRequired":true,"valueName":"search_term_string"}}],"inLanguage":"da-DK"},{"@type":"Organization","@id":"https:\/\/north-tec-biogas.de\/da\/#organization","name":"NORTH-TEC Biogas","url":"https:\/\/north-tec-biogas.de\/da\/","logo":{"@type":"ImageObject","inLanguage":"da-DK","@id":"https:\/\/north-tec-biogas.de\/da\/#\/schema\/logo\/image\/","url":"https:\/\/north-tec-biogas.de\/wp-content\/uploads\/2025\/10\/nt-biogas-logo.png","contentUrl":"https:\/\/north-tec-biogas.de\/wp-content\/uploads\/2025\/10\/nt-biogas-logo.png","width":696,"height":696,"caption":"NORTH-TEC Biogas"},"image":{"@id":"https:\/\/north-tec-biogas.de\/da\/#\/schema\/logo\/image\/"},"sameAs":["https:\/\/www.facebook.com\/North-Tec-Maschinenbau-GmbH-187685817938948","https:\/\/www.instagram.com\/northtec_gruppe\/","https:\/\/de.linkedin.com\/company\/north-tec-gruppe","https:\/\/www.youtube.com\/@north-tecbiogas5212"]}]}},"_links":{"self":[{"href":"https:\/\/north-tec-biogas.de\/da\/wp-json\/wp\/v2\/pages\/824","targetHints":{"allow":["GET"]}}],"collection":[{"href":"https:\/\/north-tec-biogas.de\/da\/wp-json\/wp\/v2\/pages"}],"about":[{"href":"https:\/\/north-tec-biogas.de\/da\/wp-json\/wp\/v2\/types\/page"}],"author":[{"embeddable":true,"href":"https:\/\/north-tec-biogas.de\/da\/wp-json\/wp\/v2\/users\/4"}],"replies":[{"embeddable":true,"href":"https:\/\/north-tec-biogas.de\/da\/wp-json\/wp\/v2\/comments?post=824"}],"version-history":[{"count":1,"href":"https:\/\/north-tec-biogas.de\/da\/wp-json\/wp\/v2\/pages\/824\/revisions"}],"predecessor-version":[{"id":1063,"href":"https:\/\/north-tec-biogas.de\/da\/wp-json\/wp\/v2\/pages\/824\/revisions\/1063"}],"wp:attachment":[{"href":"https:\/\/north-tec-biogas.de\/da\/wp-json\/wp\/v2\/media?parent=824"}],"curies":[{"name":"wp","href":"https:\/\/api.w.org\/{rel}","templated":true}]}}